{"id":21,"date":"2021-07-19T13:09:20","date_gmt":"2021-07-19T13:09:20","guid":{"rendered":"http:\/\/spielgruppespeicher.ch\/?page_id=21"},"modified":"2024-01-11T08:05:08","modified_gmt":"2024-01-11T08:05:08","slug":"ein-homepage-abschnitt","status":"publish","type":"page","link":"https:\/\/spielgruppespeicher.ch\/index.php\/ein-homepage-abschnitt\/","title":{"rendered":"Spielgruppe"},"content":{"rendered":"\n<p>Was ist Spielgruppe?<\/p>\n\n\n\n<p>Die Spielgruppe ist eine konstante Gruppe von kleinen Kindern, die sich in regelm\u00e4ssigen Abst\u00e4nden zum Spielen treffen.<\/p>\n\n\n\n<p>Spielgruppen sind ein soziales Erfahrungsfeld. Die Kinder lernen dabei ihren eigenen Platz in einer Gruppe Gleichaltriger zu finden. Sich behaupten, R\u00fccksicht nehmen, sich gegenseitig mit St\u00e4rken und Schw\u00e4chen akzeptieren, einander helfen, aufeinander h\u00f6ren, aber auch streiten und wieder Frieden schliessen sind Bestandteil des Gruppenlebens.<\/p>\n\n\n\n<p>In der Spielgruppe wird gespielt, mit verschiedenen Materialien gewerkt, gesungen, gemalt, geknetet, musiziert, gel\u00e4rmt, Geschichten erz\u00e4hlt und vieles mehr.<\/p>\n\n\n\n<p><\/p>\n\n\n\n<p>Die Kosten pro Halbjahr betragen: <br>Fr. 360.&#8211; f\u00fcr den Besuch 1mal pro Woche \u00e0 2.5 Stunden <br>Fr. 720.&#8211; f\u00fcr den Besuch 2mal pro Woche (2mal \u00e0 2,5 Stunden)<\/p>\n\n\n\n<p><\/p>\n","protected":false},"excerpt":{"rendered":"<p>Was ist Spielgruppe? Die Spielgruppe ist eine konstante Gruppe von kleinen Kindern, die sich in regelm\u00e4ssigen Abst\u00e4nden zum Spielen treffen. Spielgruppen sind ein soziales Erfahrungsfeld. Die Kinder lernen dabei ihren eigenen Platz in einer Gruppe Gleichaltriger zu finden. Sich behaupten, R\u00fccksicht nehmen, sich gegenseitig mit St\u00e4rken und Schw\u00e4chen akzeptieren, einander helfen, aufeinander h\u00f6ren, aber auch &hellip; <\/p>\n<p class=\"link-more\"><a href=\"https:\/\/spielgruppespeicher.ch\/index.php\/ein-homepage-abschnitt\/\" class=\"more-link\"><span class=\"screen-reader-text\">\u201eSpielgruppe\u201c<\/span> weiterlesen<\/a><\/p>\n","protected":false},"author":1,"featured_media":51,"parent":0,"menu_order":0,"comment_status":"closed","ping_status":"closed","template":"","meta":{"footnotes":""},"class_list":["post-21","page","type-page","status-publish","has-post-thumbnail","hentry"],"_links":{"self":[{"href":"https:\/\/spielgruppespeicher.ch\/index.php\/wp-json\/wp\/v2\/pages\/21","targetHints":{"allow":["GET"]}}],"collection":[{"href":"https:\/\/spielgruppespeicher.ch\/index.php\/wp-json\/wp\/v2\/pages"}],"about":[{"href":"https:\/\/spielgruppespeicher.ch\/index.php\/wp-json\/wp\/v2\/types\/page"}],"author":[{"embeddable":true,"href":"https:\/\/spielgruppespeicher.ch\/index.php\/wp-json\/wp\/v2\/users\/1"}],"replies":[{"embeddable":true,"href":"https:\/\/spielgruppespeicher.ch\/index.php\/wp-json\/wp\/v2\/comments?post=21"}],"version-history":[{"count":9,"href":"https:\/\/spielgruppespeicher.ch\/index.php\/wp-json\/wp\/v2\/pages\/21\/revisions"}],"predecessor-version":[{"id":175,"href":"https:\/\/spielgruppespeicher.ch\/index.php\/wp-json\/wp\/v2\/pages\/21\/revisions\/175"}],"wp:featuredmedia":[{"embeddable":true,"href":"https:\/\/spielgruppespeicher.ch\/index.php\/wp-json\/wp\/v2\/media\/51"}],"wp:attachment":[{"href":"https:\/\/spielgruppespeicher.ch\/index.php\/wp-json\/wp\/v2\/media?parent=21"}],"curies":[{"name":"wp","href":"https:\/\/api.w.org\/{rel}","templated":true}]}}